{"id":764,"date":"2017-06-21T16:56:07","date_gmt":"2017-06-21T16:56:07","guid":{"rendered":"http:\/\/www.icgfundacion.com\/?page_id=764\/"},"modified":"2024-04-11T13:21:01","modified_gmt":"2024-04-11T13:21:01","slug":"politica-de-cookies","status":"publish","type":"page","link":"http:\/\/www.icgfundacion.com\/es\/politica-de-cookies\/","title":{"rendered":"Pol\u00edtica de cookies"},"content":{"rendered":"<p>[vc_row][vc_column][vc_raw_html]JTNDYnV0dG9uJTIwaWQlM0QlMjJtb3N0cmFyUG9wdXAlMjIlMjBzdHlsZSUzRCUyMmJhY2tncm91bmQtY29sb3IlM0ElMjByZ2IlMjgyMjElMkMlMjAxNTMlMkMlMjA1MSUyOSUzQiUyMHRleHQtZGVjb3JhdGlvbiUzQSUyMG5vbmUlM0IlMjBib3JkZXIlM0ElMjBub25lJTNCJTIwcGFkZGluZyUzQSUyMDEwcHglMjAyNnB4JTNCJTIwY29sb3IlM0ElMjB3aGl0ZSUzQiUyMG1hcmdpbi1ib3R0b20lM0ElMjAzMHB4JTNCJTIwbWFyZ2luLXRvcCUzQSUyMDQwcHglM0IlMjBjdXJzb3IlM0ElMjBwb2ludGVyJTNCJTIyJTNFUHJlZmVyZW5jaWFzJTIwZGUlMjBjb29raWVzJTNDJTJGYnV0dG9uJTNF[\/vc_raw_html][vc_column_text css=&#8221;.vc_custom_1712841657235{margin-bottom: 25px !important;}&#8221;]<b style=\"margin-top: 70px; letter-spacing: 0; font-size: 1em;\">Definici\u00f3n y funci\u00f3n de las cookies<\/b><\/p>\n<p>\u00bfQu\u00e9 son las cookies? Una cookie es un fichero que se descarga en su ordenador al acceder a determinadas p\u00e1ginas web. Las cookies permiten a una p\u00e1gina web, entre otras cosas, almacenar y recuperar informaci\u00f3n sobre los h\u00e1bitos de navegaci\u00f3n de un usuario o de su equipo y, dependiendo de la informaci\u00f3n que contengan y de la forma en que utilice su equipo, pueden utilizarse para reconocer al usuario, pero en ning\u00fan momento proporcionan informaci\u00f3n de car\u00e1cter personal.<\/p>\n<p>&nbsp;<\/p>\n<p><b style=\"letter-spacing: 0; font-size: 1em;\">\u00bfQu\u00e9 tipos de cookies utiliza esta p\u00e1gina web?<\/b><\/p>\n<p><b style=\"letter-spacing: 0; margin-top: 25px; font-size: 1em; text-transform: none;\">Cookies necesarias<\/b><\/p>\n<p>Son un tipo de cookies dise\u00f1adas para recabar y almacenar datos mientras el usuario accede a una p\u00e1gina web. Esta informaci\u00f3n s\u00f3lo se almacena en su navegador y se destruye una vez que su navegador se cierra.<\/p>\n<p>&nbsp;<\/p>\n<p><b style=\"letter-spacing: 0; font-size: 1em; text-transform: none;\">Cookies de anal\u00edticas de Google<\/b><\/p>\n<p>Estas cookies se utilizan para recopilar informaci\u00f3n acerca de c\u00f3mo los visitantes usan nuestro sitio. Utilizamos la informaci\u00f3n para elaborar informes y para ayudarnos a mejorar la navegaci\u00f3n de la web. Las cookies recopilan informaci\u00f3n de forma an\u00f3nima, incluyendo el n\u00famero de visitantes, desde donde los visitantes han llegado al sitio web y las p\u00e1ginas que visitaron.<\/p>\n<p>&nbsp;<\/p>\n<p>Este an\u00e1lisis se realiza mediante la herramienta Google Analytics, de los que puede obtener m\u00e1s informaci\u00f3n sobre sus pol\u00edticas de privacidad aqu\u00ed.<\/p>\n<p>&nbsp;<\/p>\n<p>El listado de cookies descritas, utilizadas en la presente p\u00e1gina web es el siguiente:<\/p>\n<p>&nbsp;<\/p>\n<div style=\"background-color: #f8f8f8; padding: 22px; border-radius: 0.8rem;\">\n<table class=\"fs-15 my-0\" style=\"width: 100%;\">\n<thead>\n<tr>\n<th>Nombre<\/th>\n<th>Dominio<\/th>\n<th>Conservaci\u00f3n<\/th>\n<th>Cookies<\/th>\n<\/tr>\n<\/thead>\n<tbody>\n<tr>\n<td data-column=\"Name\">cookielawinfo-checkbox-necessary<\/td>\n<td data-column=\"Domain\">www.icgfundacion.com<\/td>\n<td data-column=\"Expiration\">1 a\u00f1o<\/td>\n<td data-column=\"cookie\">Propia<\/td>\n<\/tr>\n<tr>\n<td data-column=\"Name\">cookielawinfo-checkbox-non-necessary<\/td>\n<td data-column=\"Domain\">www.icgfundacion.com<\/td>\n<td data-column=\"Expiration\">1 a\u00f1o<\/td>\n<td data-column=\"cookie\">Propia<\/td>\n<\/tr>\n<tr>\n<td data-column=\"Name\">CookieLawInfoConsent<\/td>\n<td data-column=\"Domain\">www.icgfundacion.com<\/td>\n<td data-column=\"Expiration\">1 a\u00f1o<\/td>\n<td data-column=\"cookie\">Propia<\/td>\n<\/tr>\n<tr>\n<td data-column=\"Name\">viewed_cookie_policy<\/td>\n<td data-column=\"Domain\">www.icgfundacion.com<\/td>\n<td data-column=\"Expiration\">1 a\u00f1o<\/td>\n<td data-column=\"cookie\">Propia<\/td>\n<\/tr>\n<tr>\n<td data-column=\"Name\">_ga<\/td>\n<td data-column=\"Domain\">.icgfundacion.com<\/td>\n<td data-column=\"Expiration\">13 meses<\/td>\n<td data-column=\"cookie\">Terceros<\/td>\n<\/tr>\n<tr>\n<td data-column=\"Name\">_ga_<\/td>\n<td data-column=\"Domain\">.icgfundacion.com<\/td>\n<td data-column=\"Expiration\">13 meses<\/td>\n<td data-column=\"cookie\">Terceros<\/td>\n<\/tr>\n<\/tbody>\n<\/table>\n<\/div>\n<p>&nbsp;<\/p>\n<p><b style=\"letter-spacing: 0; margin-top: 45px; font-size: 1em;\">Revocaci\u00f3n y eliminaci\u00f3n de cookies<\/b><\/p>\n<p>Usted puede permitir, bloquear o eliminar las cookies, mediante el bot\u00f3n de configuraci\u00f3n de las cookies o mediante la configuraci\u00f3n de las opciones del navegador instalado en su ordenador.<\/p>\n<p>&nbsp;<\/p>\n<p>A continuaci\u00f3n le ofrecemos enlaces en los que encontrar\u00e1 informaci\u00f3n sobre c\u00f3mo puede activar sus preferencias en los principales navegadores:<\/p>\n<p>&nbsp;<\/p>\n<p><a href=\"https:\/\/support.google.com\/chrome\/answer\/95647?hl=es\">Google Chrome<\/a><\/p>\n<p><a href=\"https:\/\/support.mozilla.org\/es\/kb\/Borrar%20cookies\">Mozilla Firefox<\/a><\/p>\n<p><a href=\"https:\/\/support.microsoft.com\/es-es\/windows\/eliminar-y-administrar-cookies-168dab11-0753-043d-7c16-ede5947fc64d#:~:text=Para%20eliminar%20las%20cookies,web%20y%20luego%20selecciona%20Eliminar.\">Internet Explorer<\/a><\/p>\n<p><a href=\"https:\/\/support.microsoft.com\/es-es\/windows\/microsoft-edge-datos-de-exploraci%C3%B3n-y-privacidad-bb8174ba-9d73-dcf2-9b4a-c582b4e640dd#:~:text=Para%20borrar%20la%20informaci%C3%B3n%20de,lo%20que%20se%20debe%20borrar.\">Microsoft Edge<\/a><\/p>\n<p><a href=\"https:\/\/support.apple.com\/es-es\/HT201265\">Safari<\/a><\/p>\n<p style=\"margin-top: 30px;\">Si deseas m\u00e1s informaci\u00f3n sobre el uso de cookies puedes solicit\u00e1rnosla a internet@icg.es<\/p>\n<p>\u00a0[\/vc_column_text][\/vc_column][\/vc_row]<\/p>\n","protected":false},"excerpt":{"rendered":"<p>[vc_row][vc_column][vc_raw_html]JTNDYnV0dG9uJTIwaWQlM0QlMjJtb3N0cmFyUG9wdXAlMjIlMjBzdHlsZSUzRCUyMmJhY2tncm91bmQtY29sb3IlM0ElMjByZ2IlMjgyMjElMkMlMjAxNTMlMkMlMjA1MSUyOSUzQiUyMHRleHQtZGVjb3JhdGlvbiUzQSUyMG5vbmUlM0IlMjBib3JkZXIlM0ElMjBub25lJTNCJTIwcGFkZGluZyUzQSUyMDEwcHglMjAyNnB4JTNCJTIwY29sb3IlM0ElMjB3aGl0ZSUzQiUyMG1hcmdpbi1ib3R0b20lM0ElMjAzMHB4JTNCJTIwbWFyZ2luLXRvcCUzQSUyMDQwcHglM0IlMjBjdXJzb3IlM0ElMjBwb2ludGVyJTNCJTIyJTNFUHJlZmVyZW5jaWFzJTIwZGUlMjBjb29raWVzJTNDJTJGYnV0dG9uJTNF[\/vc_raw_html][vc_column_text css=&#8221;.vc_custom_1712841657235{margin-bottom: 25px !important;}&#8221;]Definici\u00f3n y funci\u00f3n de las cookies \u00bfQu\u00e9 son las cookies? Una cookie es un fichero que se descarga en su ordenador al acceder a determinadas p\u00e1ginas web. Las cookies permiten a una p\u00e1gina web, entre otras cosas, almacenar y recuperar informaci\u00f3n sobre&#8230;<\/p>\n","protected":false},"author":1,"featured_media":0,"parent":0,"menu_order":0,"comment_status":"closed","ping_status":"closed","template":"","meta":{"footnotes":""},"class_list":["post-764","page","type-page","status-publish","hentry"],"_links":{"self":[{"href":"http:\/\/www.icgfundacion.com\/es\/wp-json\/wp\/v2\/pages\/764","targetHints":{"allow":["GET"]}}],"collection":[{"href":"http:\/\/www.icgfundacion.com\/es\/wp-json\/wp\/v2\/pages"}],"about":[{"href":"http:\/\/www.icgfundacion.com\/es\/wp-json\/wp\/v2\/types\/page"}],"author":[{"embeddable":true,"href":"http:\/\/www.icgfundacion.com\/es\/wp-json\/wp\/v2\/users\/1"}],"replies":[{"embeddable":true,"href":"http:\/\/www.icgfundacion.com\/es\/wp-json\/wp\/v2\/comments?post=764"}],"version-history":[{"count":13,"href":"http:\/\/www.icgfundacion.com\/es\/wp-json\/wp\/v2\/pages\/764\/revisions"}],"predecessor-version":[{"id":1745,"href":"http:\/\/www.icgfundacion.com\/es\/wp-json\/wp\/v2\/pages\/764\/revisions\/1745"}],"wp:attachment":[{"href":"http:\/\/www.icgfundacion.com\/es\/wp-json\/wp\/v2\/media?parent=764"}],"curies":[{"name":"wp","href":"https:\/\/api.w.org\/{rel}","templated":true}]}}