{"id":693,"date":"2017-06-01T07:02:09","date_gmt":"2017-06-01T07:02:09","guid":{"rendered":"http:\/\/www.icgfundacion.com\/ciencia-i-coneixement\/"},"modified":"2017-06-21T10:07:54","modified_gmt":"2017-06-21T10:07:54","slug":"ciencia-y-conocimiento","status":"publish","type":"page","link":"http:\/\/www.icgfundacion.com\/es\/proyectos\/ciencia-y-conocimiento\/","title":{"rendered":"Ciencia y Conocimiento"},"content":{"rendered":"<div class=\"contentCenter\">\n<div class=\"noneBackground\">\n<div class=\"customWidth\">\n<h1 class=\"titlePage\">CIENCIA Y CONOCIMIENTO<\/h1>\n<div class=\"\">\n<p class=\"textExplain\">La Fundaci\u00f3n ICG tiene previsto impulsar y promocionar el Museo del C\u00e1lculo y la Informatica como una gran herramienta de conocimiento. Esto lo quiere hacer mediante la colaboraci\u00f3n de las principales instituciones.<\/p>\n<p class=\"textExplain\">Este museo debe ser un punto de encuentro imprescindible para todas las personas de cualquier edad, que quieran profundizar en sus conocimientos y formaci\u00f3n, as\u00ed como entender la evoluci\u00f3n de la civilizaci\u00f3n gracias al  c\u00e1lculo y a todas sus vertientes, ya sea como herramienta o como concepto.<\/p>\n<\/div>\n<div class=\"fullWidth\"><img loading=\"lazy\" decoding=\"async\" class=\"rImg\" src=\"http:\/\/www.icgfundacion.com\/wp-content\/uploads\/recursos\/ciencia_i_coneixement\/ciencia_coneixement_1.png\" width=\"980\" height=\"306\" alt=\"museu-icg-fundaci\u00f3-exposici\u00f3\" \/><\/div>\n<div class=\"\">\n<p class=\"textExplain\">El Museo tiene que ser un referente estableciendo tambi\u00e9n, relaci\u00f3n con otros museos y entidades a nivel nacional e internacional que quieran compartir los valores y objetivos propios de este proyecto muse\u00edstico.<\/p>\n<\/div>\n<div class=\"tripleImgOS fullWidth\"><img loading=\"lazy\" decoding=\"async\" src=\"http:\/\/www.icgfundacion.com\/wp-content\/uploads\/recursos\/ciencia_i_coneixement\/ciencia_coneixement_2.png\" width=\"320\" height=\"190\" alt=\"museu-icg-fundaci\u00f3-tpv-antic-historic\"\/><img loading=\"lazy\" decoding=\"async\" src=\"http:\/\/www.icgfundacion.com\/wp-content\/uploads\/recursos\/ciencia_i_coneixement\/ciencia_coneixement_3.png\" width=\"320\" height=\"190\" alt=\"museu-icg-fundaci\u00f3-tpv-historia\" \/><img loading=\"lazy\" decoding=\"async\" src=\"http:\/\/www.icgfundacion.com\/wp-content\/uploads\/recursos\/ciencia_i_coneixement\/ciencia_coneixement_4.png\" width=\"320\" height=\"190\" alt=\"museu-icg-fundaci\u00f3-tpv-calcul\" \/><\/div>\n<div class=\"tripleImgOS fullWidth\"><img loading=\"lazy\" decoding=\"async\" src=\"http:\/\/www.icgfundacion.com\/wp-content\/uploads\/recursos\/ciencia_i_coneixement\/ciencia_coneixement_5.png\" width=\"320\" height=\"190\" alt=\"museu-icg-fundaci\u00f3-tpv-expendedora-de-tickets\" \/><img loading=\"lazy\" decoding=\"async\" src=\"http:\/\/www.icgfundacion.com\/wp-content\/uploads\/recursos\/ciencia_i_coneixement\/ciencia_coneixement_6.png\" width=\"320\" height=\"190\" alt=\"museu-icg-fundaci\u00f3-complements-hardware\" \/><img loading=\"lazy\" decoding=\"async\" src=\"http:\/\/www.icgfundacion.com\/wp-content\/uploads\/recursos\/ciencia_i_coneixement\/ciencia_coneixement_7.png\" width=\"320\" height=\"190\" alt=\"museu-icg-fundaci\u00f3-tpv-calcul\" \/><\/div>\n<div class=\"sliderMuseuGeneral\">\n<div class=\"sliderMuseuCalcul\">\n\t\t\t<!-- START MuseuCalcul REVOLUTION SLIDER 6.5.4 --><p class=\"rs-p-wp-fix\"><\/p>\n\t\t\t<rs-module-wrap id=\"rev_slider_1_1_wrapper\" data-source=\"gallery\" style=\"visibility:hidden;background:transparent;padding:0;margin:0px auto;margin-top:0;margin-bottom:0;\">\n\t\t\t\t<rs-module id=\"rev_slider_1_1\" style=\"\" data-version=\"6.5.4\">\n\t\t\t\t\t<rs-slides>\n\t\t\t\t\t\t<rs-slide data-key=\"rs-2\" data-title=\"Slide\" data-thumb=\"\/\/www.icgfundacion.com\/wp-content\/uploads\/2017\/06\/ciencia_coneixement_2_big-100x50.png\" data-duration=\"3000\" data-anim=\"ms:600;\" data-in=\"o:0;\" data-out=\"a:false;\">\n\t\t\t\t\t\t\t<img decoding=\"async\" src=\"\/\/www.icgfundacion.com\/wp-content\/plugins\/revslider\/public\/assets\/assets\/dummy.png\" title=\"Ciencia y Conocimiento\" class=\"rev-slidebg tp-rs-img rs-lazyload\" data-lazyload=\"\/\/www.icgfundacion.com\/wp-content\/uploads\/2017\/06\/ciencia_coneixement_2_big.png\" data-parallax=\"off\" data-no-retina>\n<!--\t\t\t\t\t\t--><rs-zone id=\"rrzt_2\" class=\"rev_row_zone_top\" style=\"z-index: 5;\"><!--\n\n\t\t\t\t\t\t\t\t--><rs-row\n\t\t\t\t\t\t\t\t\tid=\"slider-1-slide-2-layer-1\" \n\t\t\t\t\t\t\t\t\tdata-type=\"row\"\n\t\t\t\t\t\t\t\t\tdata-xy=\"xo:100px;yo:100px;\"\n\t\t\t\t\t\t\t\t\tdata-text=\"l:22;a:inherit;\"\n\t\t\t\t\t\t\t\t\tdata-cbreak=\"3\"\n\t\t\t\t\t\t\t\t\tdata-rsp_bd=\"off\"\n\t\t\t\t\t\t\t\t\tdata-frame_0=\"tp:600;\"\n\t\t\t\t\t\t\t\t\tdata-frame_1=\"tp:600;st:0;\"\n\t\t\t\t\t\t\t\t\tdata-frame_999=\"o:0;tp:600;st:w;sR:2699.9996948242;sA:2999.9996948242;\"\n\t\t\t\t\t\t\t\t\tstyle=\"z-index:5;\"\n\t\t\t\t\t\t\t\t><rs-bg-elem style=\"position:absolute; top:0px;left:0px;\"><\/rs-bg-elem>\n<!--\n\t\t\t\t\t\t\t\t\t--><rs-column\n\t\t\t\t\t\t\t\t\t\tid=\"slider-1-slide-2-layer-2\" \n\t\t\t\t\t\t\t\t\t\tdata-type=\"column\"\n\t\t\t\t\t\t\t\t\t\tdata-xy=\"xo:100px;yo:100px;\"\n\t\t\t\t\t\t\t\t\t\tdata-text=\"l:22;a:inherit;\"\n\t\t\t\t\t\t\t\t\t\tdata-rsp_bd=\"off\"\n\t\t\t\t\t\t\t\t\t\tdata-column=\"w:50%;\"\n\t\t\t\t\t\t\t\t\t\tdata-frame_0=\"tp:600;\"\n\t\t\t\t\t\t\t\t\t\tdata-frame_1=\"tp:600;st:0;\"\n\t\t\t\t\t\t\t\t\t\tdata-frame_999=\"o:0;tp:600;st:w;sR:2999.9996948242;sA:2999.9996948242;\"\n\t\t\t\t\t\t\t\t\t\tstyle=\"z-index:6;width:100%;\"\n\t\t\t\t\t\t\t\t\t><rs-bg-elem style=\"position:absolute; top:0px;left:0px;\"><\/rs-bg-elem>\n<!--\t\t\t\t\t\t\t\t\t--><\/rs-column><!--\n\n\t\t\t\t\t\t\t\t\t--><rs-column\n\t\t\t\t\t\t\t\t\t\tid=\"slider-1-slide-2-layer-3\" \n\t\t\t\t\t\t\t\t\t\tdata-type=\"column\"\n\t\t\t\t\t\t\t\t\t\tdata-xy=\"xo:100px;yo:100px;\"\n\t\t\t\t\t\t\t\t\t\tdata-text=\"l:22;a:inherit;\"\n\t\t\t\t\t\t\t\t\t\tdata-rsp_bd=\"off\"\n\t\t\t\t\t\t\t\t\t\tdata-column=\"w:50%;\"\n\t\t\t\t\t\t\t\t\t\tdata-frame_0=\"tp:600;\"\n\t\t\t\t\t\t\t\t\t\tdata-frame_1=\"tp:600;st:0;\"\n\t\t\t\t\t\t\t\t\t\tdata-frame_999=\"o:0;tp:600;st:w;sR:2999.9996948242;sA:2999.9996948242;\"\n\t\t\t\t\t\t\t\t\t\tstyle=\"z-index:7;width:100%;\"\n\t\t\t\t\t\t\t\t\t><rs-bg-elem style=\"position:absolute; top:0px;left:0px;\"><\/rs-bg-elem>\n<!--\t\t\t\t\t\t\t\t\t--><\/rs-column><!--\n\t\t\t\t\t\t\t\t--><\/rs-row><!--\n\t\t\t\t\t\t\t--><\/rs-zone><!--\n-->\t\t\t\t\t\t<\/rs-slide>\n\t\t\t\t\t\t<rs-slide data-key=\"rs-1\" data-title=\"Slide\" data-thumb=\"\/\/www.icgfundacion.com\/wp-content\/uploads\/2017\/06\/ciencia_coneixement_3_big-100x50.png\" data-duration=\"3000\" data-anim=\"ms:600;\" data-in=\"o:0;\" data-out=\"a:false;\">\n\t\t\t\t\t\t\t<img decoding=\"async\" src=\"\/\/www.icgfundacion.com\/wp-content\/plugins\/revslider\/public\/assets\/assets\/dummy.png\" title=\"Ciencia y Conocimiento\" class=\"rev-slidebg tp-rs-img rs-lazyload\" data-lazyload=\"\/\/www.icgfundacion.com\/wp-content\/uploads\/2017\/06\/ciencia_coneixement_3_big.png\" data-parallax=\"off\" data-no-retina>\n<!---->\t\t\t\t\t\t<\/rs-slide>\n\t\t\t\t\t\t<rs-slide data-key=\"rs-3\" data-title=\"Slide\" data-thumb=\"\/\/www.icgfundacion.com\/wp-content\/uploads\/2017\/06\/ciencia_coneixement_5_big-100x50.png\" data-duration=\"5960\" data-anim=\"ms:600;\" data-in=\"o:0;\" data-out=\"a:false;\">\n\t\t\t\t\t\t\t<img decoding=\"async\" src=\"\/\/www.icgfundacion.com\/wp-content\/plugins\/revslider\/public\/assets\/assets\/dummy.png\" title=\"Ciencia y Conocimiento\" class=\"rev-slidebg tp-rs-img rs-lazyload\" data-lazyload=\"\/\/www.icgfundacion.com\/wp-content\/uploads\/2017\/06\/ciencia_coneixement_5_big.png\" data-parallax=\"off\" data-no-retina>\n<!---->\t\t\t\t\t\t<\/rs-slide>\n\t\t\t\t\t\t<rs-slide data-key=\"rs-4\" data-title=\"Slide\" data-thumb=\"\/\/www.icgfundacion.com\/wp-content\/uploads\/2017\/06\/ciencia_coneixement_4_big-100x50.png\" data-duration=\"5960\" data-anim=\"ms:600;\" data-in=\"o:0;\" data-out=\"a:false;\">\n\t\t\t\t\t\t\t<img decoding=\"async\" src=\"\/\/www.icgfundacion.com\/wp-content\/plugins\/revslider\/public\/assets\/assets\/dummy.png\" title=\"Ciencia y Conocimiento\" class=\"rev-slidebg tp-rs-img rs-lazyload\" data-lazyload=\"\/\/www.icgfundacion.com\/wp-content\/uploads\/2017\/06\/ciencia_coneixement_4_big.png\" data-parallax=\"off\" data-no-retina>\n<!---->\t\t\t\t\t\t<\/rs-slide>\n\t\t\t\t\t\t<rs-slide data-key=\"rs-5\" data-title=\"Slide\" data-thumb=\"\/\/www.icgfundacion.com\/wp-content\/uploads\/2017\/06\/ciencia_coneixement_6_big-100x50.png\" data-duration=\"5960\" data-anim=\"ms:600;\" data-in=\"o:0;\" data-out=\"a:false;\">\n\t\t\t\t\t\t\t<img decoding=\"async\" src=\"\/\/www.icgfundacion.com\/wp-content\/plugins\/revslider\/public\/assets\/assets\/dummy.png\" title=\"Ciencia y Conocimiento\" class=\"rev-slidebg tp-rs-img rs-lazyload\" data-lazyload=\"\/\/www.icgfundacion.com\/wp-content\/uploads\/2017\/06\/ciencia_coneixement_6_big.png\" data-parallax=\"off\" data-no-retina>\n<!---->\t\t\t\t\t\t<\/rs-slide>\n\t\t\t\t\t\t<rs-slide data-key=\"rs-6\" data-title=\"Slide\" data-thumb=\"\/\/www.icgfundacion.com\/wp-content\/uploads\/2017\/06\/ciencia_coneixement_7_big-100x50.png\" data-duration=\"5960\" data-anim=\"ms:600;\" data-in=\"o:0;\" data-out=\"a:false;\">\n\t\t\t\t\t\t\t<img decoding=\"async\" src=\"\/\/www.icgfundacion.com\/wp-content\/plugins\/revslider\/public\/assets\/assets\/dummy.png\" title=\"Ciencia y Conocimiento\" class=\"rev-slidebg tp-rs-img rs-lazyload\" data-lazyload=\"\/\/www.icgfundacion.com\/wp-content\/uploads\/2017\/06\/ciencia_coneixement_7_big.png\" data-parallax=\"off\" data-no-retina>\n<!---->\t\t\t\t\t\t<\/rs-slide>\n\t\t\t\t\t<\/rs-slides>\n\t\t\t\t<\/rs-module>\n\t\t\t\t<script type=\"text\/javascript\">\n\t\t\t\t\tsetREVStartSize({c: 'rev_slider_1_1',rl:[1240,1024,778,480],el:[],gw:[1240,1024,778,480],gh:[600,600,500,400],type:'standard',justify:'',layout:'fullwidth',mh:\"0\"});\n\t\t\t\t<\/script>\n\t\t\t<\/rs-module-wrap>\n\t\t\t<!-- END REVOLUTION SLIDER -->\n<\/div>\n<h2 class=\"textEnfasis\">El Museo del C\u00e1lculo y la Inform\u00e1tica como una gran herramienta de la ciencia y conocimiento al servicio de la sociedad.<\/h2>\n<\/div>\n<\/div>\n<\/div>\n<div class=\"noneBackground\">\n<div class=\"customWidth\">\n<a href=\"#\" ><\/p>\n<div class=\"insertLogoCenter\">\n<img class=\"imgLogo\"src=\"http:\/\/www.icgfundacion.com\/wp-content\/uploads\/2017\/05\/logo_icg_museo.png\" width=\"100\" alt=\"logo-museu\"\/><\/p>\n<div class=\"textLogo\">\n<p class=\"insertLogoText\">\n<p class=\"insertLogoURL\">\n<\/div>\n<\/div>\n<p><\/a>\n<\/div>\n<\/div>\n<\/div>\n","protected":false},"excerpt":{"rendered":"<p>CIENCIA Y CONOCIMIENTO La Fundaci\u00f3n ICG tiene previsto impulsar y promocionar el Museo del C\u00e1lculo y la Informatica como una gran herramienta de conocimiento. Esto lo quiere hacer mediante la colaboraci\u00f3n de las principales instituciones. Este museo debe ser un punto de encuentro imprescindible para&#8230;<\/p>\n","protected":false},"author":1,"featured_media":0,"parent":753,"menu_order":0,"comment_status":"closed","ping_status":"closed","template":"full-width-fundacion.php","meta":{"footnotes":""},"class_list":["post-693","page","type-page","status-publish","hentry"],"_links":{"self":[{"href":"http:\/\/www.icgfundacion.com\/es\/wp-json\/wp\/v2\/pages\/693","targetHints":{"allow":["GET"]}}],"collection":[{"href":"http:\/\/www.icgfundacion.com\/es\/wp-json\/wp\/v2\/pages"}],"about":[{"href":"http:\/\/www.icgfundacion.com\/es\/wp-json\/wp\/v2\/types\/page"}],"author":[{"embeddable":true,"href":"http:\/\/www.icgfundacion.com\/es\/wp-json\/wp\/v2\/users\/1"}],"replies":[{"embeddable":true,"href":"http:\/\/www.icgfundacion.com\/es\/wp-json\/wp\/v2\/comments?post=693"}],"version-history":[{"count":7,"href":"http:\/\/www.icgfundacion.com\/es\/wp-json\/wp\/v2\/pages\/693\/revisions"}],"predecessor-version":[{"id":723,"href":"http:\/\/www.icgfundacion.com\/es\/wp-json\/wp\/v2\/pages\/693\/revisions\/723"}],"up":[{"embeddable":true,"href":"http:\/\/www.icgfundacion.com\/es\/wp-json\/wp\/v2\/pages\/753"}],"wp:attachment":[{"href":"http:\/\/www.icgfundacion.com\/es\/wp-json\/wp\/v2\/media?parent=693"}],"curies":[{"name":"wp","href":"https:\/\/api.w.org\/{rel}","templated":true}]}}