{"id":631,"date":"2017-06-19T15:33:26","date_gmt":"2017-06-19T15:33:26","guid":{"rendered":"http:\/\/www.icgfundacion.com\/?page_id=631\/"},"modified":"2019-10-07T14:34:03","modified_gmt":"2019-10-07T14:34:03","slug":"empreses","status":"publish","type":"page","link":"http:\/\/www.icgfundacion.com\/es\/empreses\/","title":{"rendered":"Empresas"},"content":{"rendered":"<div class=\"contentCenter\">\n<div class=\"noneBackground\">\n<div class=\"customWidth\">\n<h1 class=\"titlePage\">PATRONOS<\/h1>\n<div class=\"\">\n<div class=\"oneOfThree\">\n<div class=\"imgCol\"><a href=\"http:\/\/www.icg.es\" target=\"_blank\"><img decoding=\"async\" src=\"http:\/\/www.icgfundacion.com\/wp-content\/uploads\/recursos\/colaboradores\/icg.png\" alt=\"icg-software-empresa\" \/><\/div>\n<div class=\"textCol\">\n<p>ICG Software es un fabricante de soluciones para empresas del sector de la hosteler\u00eda, hotel y retail, desde el Software Puto de Venta hasta la gesti\u00f3n centralizada de cadenas y franquicias. ICG est\u00e1 presente en m\u00e1s de 70 pa\u00edses y cuenta con 25 concesiones internacionales.<\/p>\n<p><\/a><\/div>\n<\/div>\n<div class=\"oneOfThree\">\n<div class=\"imgCol\"><a href=\"http:\/\/www.cashdro.com\" target=\"_blank\"><img decoding=\"async\" src=\"http:\/\/www.icgfundacion.com\/wp-content\/uploads\/recursos\/colaboradores\/cst.png\" alt=\"cst-cashdro-empresa\" \/><\/div>\n<div class=\"textCol\">\n<p>CST es el fabricante de equipos y dispositivos de gesti\u00f3n de efectivo CashDro, y de los puntos de venta desatendidos T-Quiosk. Est\u00e1 presente en casi 30 pa\u00edses y cuenta con 12 concesiones internacionales.<\/p>\n<p><\/a><\/div>\n<\/div>\n<div class=\"oneOfThree\">\n<div class=\"imgCol\"><a href=\"http:\/\/www.ricomack.com\" target=\"_blank\"><img decoding=\"async\" src=\"http:\/\/www.icgfundacion.com\/wp-content\/uploads\/recursos\/colaboradores\/ricomack.png\" alt=\"ricomack-tpv-empresa\" \/><\/div>\n<div class=\"textCol\">\n<p>Ricomack es una empresa implantadora de soluciones tecnol\u00f3gicas globales para empresas del sector de la hosteler\u00eda, hotel y retail.<\/p>\n<p><\/a><\/div>\n<\/div>\n<\/div>\n<\/div>\n<\/div>\n<div class=\"lightBackground\">\n<div class=\"customWidth\">\n<h1 class=\"titlePage\">Colaboradores<\/h1>\n<div class=\"fourElements-Logo\">\n<div class=\"oneOfFourElement-Logo\">\n<a href=\"http:\/\/web.gencat.cat\/ca\/inici\/\" target=\"_blank\"><img loading=\"lazy\" decoding=\"async\" src=\"http:\/\/www.icgfundacion.com\/wp-content\/uploads\/recursos\/colaboradores\/gencat.png\" height=\"78\" width=\"130\" alt=\"logo-gencat\"\/><\/a>\n<\/div>\n<div class=\"oneOfFourElement-Logo\">\n<a href=\"http:\/\/www.bculinary.com\/es\/home\" target=\"_blank\"><img loading=\"lazy\" decoding=\"async\" src=\"http:\/\/www.icgfundacion.com\/wp-content\/uploads\/recursos\/colaboradores\/basque culinary.png\" height=\"78\" width=\"130\" alt=\"logo-basque-culinary\"\/><\/a>\n<\/div>\n<\/div>\n<\/div>\n<\/div>\n<\/div>\n","protected":false},"excerpt":{"rendered":"<p>PATRONOS ICG Software es un fabricante de soluciones para empresas del sector de la hosteler\u00eda, hotel y retail, desde el Software Puto de Venta hasta la gesti\u00f3n centralizada de cadenas y franquicias. ICG est\u00e1 presente en m\u00e1s de 70 pa\u00edses y cuenta con 25 concesiones&#8230;<\/p>\n","protected":false},"author":1,"featured_media":0,"parent":0,"menu_order":0,"comment_status":"closed","ping_status":"closed","template":"full-width-fundacion.php","meta":{"footnotes":""},"class_list":["post-631","page","type-page","status-publish","hentry"],"_links":{"self":[{"href":"http:\/\/www.icgfundacion.com\/es\/wp-json\/wp\/v2\/pages\/631","targetHints":{"allow":["GET"]}}],"collection":[{"href":"http:\/\/www.icgfundacion.com\/es\/wp-json\/wp\/v2\/pages"}],"about":[{"href":"http:\/\/www.icgfundacion.com\/es\/wp-json\/wp\/v2\/types\/page"}],"author":[{"embeddable":true,"href":"http:\/\/www.icgfundacion.com\/es\/wp-json\/wp\/v2\/users\/1"}],"replies":[{"embeddable":true,"href":"http:\/\/www.icgfundacion.com\/es\/wp-json\/wp\/v2\/comments?post=631"}],"version-history":[{"count":14,"href":"http:\/\/www.icgfundacion.com\/es\/wp-json\/wp\/v2\/pages\/631\/revisions"}],"predecessor-version":[{"id":1181,"href":"http:\/\/www.icgfundacion.com\/es\/wp-json\/wp\/v2\/pages\/631\/revisions\/1181"}],"wp:attachment":[{"href":"http:\/\/www.icgfundacion.com\/es\/wp-json\/wp\/v2\/media?parent=631"}],"curies":[{"name":"wp","href":"https:\/\/api.w.org\/{rel}","templated":true}]}}