{"id":593,"date":"2017-05-31T08:34:35","date_gmt":"2017-05-31T08:34:35","guid":{"rendered":"http:\/\/www.icgfundacion.com\/icguniversity\/"},"modified":"2019-10-07T14:24:50","modified_gmt":"2019-10-07T14:24:50","slug":"icguniversity","status":"publish","type":"page","link":"http:\/\/www.icgfundacion.com\/es\/proyectos\/icguniversity\/","title":{"rendered":"ICGUNIVERSITY"},"content":{"rendered":"<p>[vc_row][vc_column][vc_column_text]<\/p>\n<div class=\"contentCenter\">\n<div class=\"noneBackground\">\n<div class=\"customWidth\">\n<div class=\"zoneTitelText\">\n<h1 class=\"titlePage\">ICGUNIVERSITY<\/h1>\n<\/div>\n<div class=\"doubleImgLeftAndText\">\n<p><img loading=\"lazy\" decoding=\"async\" src=\"http:\/\/www.icgfundacion.com\/wp-content\/uploads\/recursos\/icguniversity\/university_2.png\" alt=\"icguniversity-docencia-formaci\u00f3n\" width=\"370\" height=\"370\" \/><\/p>\n<p class=\"textExplain\">Con este programa de formaci\u00f3n superior, la Fundaci\u00f3n ICG se suma a la gran tarea que hacen los profesionales de la formaci\u00f3n en la transmisi\u00f3n del talento, para promover y formar en las TIC a los j\u00f3venes y futuros profesionales de los sectores de la hosteler\u00eda y el turismo, facilit\u00e1ndoles el acceso a un mercado laboral cada vez m\u00e1s competitivo.<br \/>\nEl programa se desarrolla en cuatro ejes de actuaci\u00f3n:<br \/>\n\u2022 Cediendo tecnolog\u00eda y aplicaciones de software ICG a los centros de FP y Universidades para la formaci\u00f3n del alumnado.<br \/>\n\u2022 Elaborando y cediendo material docente estandarizado con los contenidos curriculares establecidos por la Administraci\u00f3n.<br \/>\n\u2022 Impartiendo un Plan de Formaci\u00f3n permanente para el profesorado de los centros con el software ICG.<br \/>\n\u2022 Colaborando con escuelas superiores y facultades para poner en marcha m\u00e1steres que formen en la excelencia, y becas para premiar la emprendedur\u00eda, la generaci\u00f3n de ideas y los conocimientos tecnol\u00f3gicos.<\/p>\n<\/div>\n<\/div>\n<\/div>\n<div class=\"lightBackground\">\n<div class=\"customWidth\">\n<div class=\"textAndImg\">\n<p class=\"textEnfasis\">Un programa completo que tiene como finalidad principal formar en las TIC a los alumnos de las Escuelas que imparten los Grados Superiores de FP de Hoteler\u00eda y Turismo, y darles herramientas que los haga m\u00e1s competitivos para acceder al mercado laboral, reconociendo sus habilidades profesionales<\/p>\n<p><img decoding=\"async\" src=\"http:\/\/www.icgfundacion.com\/wp-content\/uploads\/recursos\/icguniversity\/university_3_2.png\" height=\"360\" \/><\/p>\n<\/div>\n<\/div>\n<\/div>\n<div class=\"noneBackground\">\n<div class=\"customWidth\">\n<p class=\"textInfo\">Adem\u00e1s, a trav\u00e9s de este programa se ha creado la Beca ICG a la Innovaci\u00f3n y Gesti\u00f3n en hosteler\u00eda para premiar la emprendedur\u00eda, la generaci\u00f3n de ideas y los conocimientos tecnol\u00f3gicos.<\/p>\n<p class=\"textOrangeTitle\">Este programa de formaci\u00f3n incluye:<\/p>\n<div class=\"fourElements\">\n<div class=\"oneOfFourElement\">\n<p><img decoding=\"async\" src=\"http:\/\/www.icgfundacion.com\/wp-content\/uploads\/recursos\/icguniversity\/university_4.png\" alt=\"icguniversity-docencia-formaci\u00f3\" height=\"360\" \/><\/p>\n<p class=\"textOrangeInfon\">Cesi\u00f3n de Tecnolog\u00eda<\/p>\n<p class=\"textExplain\">Cesi\u00f3n de aplicaciones inform\u00e1ticas ICG a los centros para la formaci\u00f3n del alumnado<\/p>\n<\/div>\n<div class=\"oneOfFourElement\">\n<p><img decoding=\"async\" src=\"http:\/\/www.icgfundacion.com\/wp-content\/uploads\/recursos\/icguniversity\/university_5.png\" alt=\"icguniversity-docencia-formaci\u00f3\" height=\"360\" \/><\/p>\n<p class=\"textOrangeInfon\">Material Docente<\/p>\n<p class=\"textExplain\">Cesi\u00f3n del material docente estandarizado con los contenidos curriculares establecidos por la Administraci\u00f3n<\/p>\n<\/div>\n<div class=\"oneOfFourElement\">\n<p><img decoding=\"async\" src=\"http:\/\/www.icgfundacion.com\/wp-content\/uploads\/recursos\/icguniversity\/university_6.jpg\" alt=\"icguniversity-docencia-formaci\u00f3\" height=\"360\" \/><\/p>\n<p class=\"textOrangeInfon\">Formaci\u00f3n a Profesores<\/p>\n<p class=\"textExplain\">Formaci\u00f3n permanente al profesorado de los centros con el software ICG<\/p>\n<\/div>\n<div class=\"oneOfFourElement\">\n<p><img decoding=\"async\" src=\"http:\/\/www.icgfundacion.com\/wp-content\/uploads\/recursos\/icguniversity\/university_7.png\" alt=\"icguniversity-docencia-formaci\u00f3\" height=\"360\" \/><\/p>\n<p class=\"textOrangeInfon\">Posgrados Universitarios<\/p>\n<p class=\"textExplain\">Colaboraci\u00f3n con escuelas superiores y facultades para poner en marcha posgrados, m\u00e1steres y becas<\/p>\n<\/div>\n<\/div>\n<\/div>\n<\/div>\n<div class=\"noneBackground\">\n<div class=\"customWidth\">\n<div class=\"insertLogoCenter\">\n<p><img decoding=\"async\" class=\"imgLogo\" src=\"http:\/\/www.icgfundacion.com\/wp-content\/uploads\/recursos\/logos\/logo_university.png\" alt=\"icguniversity-docencia-formaci\u00f3\" width=\"100\" \/><\/p>\n<div class=\"textLogo\">\n<p class=\"insertLogoText\">M\u00e9s informaci\u00f3<\/p>\n<p class=\"insertLogoURL\">www.icguniversity.es<\/p>\n<\/div>\n<\/div>\n<p>&nbsp;<\/p>\n<\/div>\n<\/div>\n<\/div>\n<p>[\/vc_column_text][\/vc_column][\/vc_row]<\/p>\n","protected":false},"excerpt":{"rendered":"<p>[vc_row][vc_column][vc_column_text] ICGUNIVERSITY Con este programa de formaci\u00f3n superior, la Fundaci\u00f3n ICG se suma a la gran tarea que hacen los profesionales de la formaci\u00f3n en la transmisi\u00f3n del talento, para promover y formar en las TIC a los j\u00f3venes y futuros profesionales de los sectores&#8230;<\/p>\n","protected":false},"author":1,"featured_media":0,"parent":753,"menu_order":0,"comment_status":"closed","ping_status":"closed","template":"full-width-fundacion.php","meta":{"footnotes":""},"class_list":["post-593","page","type-page","status-publish","hentry"],"_links":{"self":[{"href":"http:\/\/www.icgfundacion.com\/es\/wp-json\/wp\/v2\/pages\/593","targetHints":{"allow":["GET"]}}],"collection":[{"href":"http:\/\/www.icgfundacion.com\/es\/wp-json\/wp\/v2\/pages"}],"about":[{"href":"http:\/\/www.icgfundacion.com\/es\/wp-json\/wp\/v2\/types\/page"}],"author":[{"embeddable":true,"href":"http:\/\/www.icgfundacion.com\/es\/wp-json\/wp\/v2\/users\/1"}],"replies":[{"embeddable":true,"href":"http:\/\/www.icgfundacion.com\/es\/wp-json\/wp\/v2\/comments?post=593"}],"version-history":[{"count":22,"href":"http:\/\/www.icgfundacion.com\/es\/wp-json\/wp\/v2\/pages\/593\/revisions"}],"predecessor-version":[{"id":1179,"href":"http:\/\/www.icgfundacion.com\/es\/wp-json\/wp\/v2\/pages\/593\/revisions\/1179"}],"up":[{"embeddable":true,"href":"http:\/\/www.icgfundacion.com\/es\/wp-json\/wp\/v2\/pages\/753"}],"wp:attachment":[{"href":"http:\/\/www.icgfundacion.com\/es\/wp-json\/wp\/v2\/media?parent=593"}],"curies":[{"name":"wp","href":"https:\/\/api.w.org\/{rel}","templated":true}]}}