{"id":1782,"date":"2024-04-09T08:27:54","date_gmt":"2024-04-09T08:27:54","guid":{"rendered":"http:\/\/www.icgfundacion.com\/avis-legal\/"},"modified":"2024-11-15T09:46:52","modified_gmt":"2024-11-15T09:46:52","slug":"aviso-legal","status":"publish","type":"page","link":"http:\/\/www.icgfundacion.com\/es\/aviso-legal\/","title":{"rendered":"Aviso legal"},"content":{"rendered":"<p>[vc_row][vc_column][vc_column_text css=&#8221;.vc_custom_1731664008100{margin-bottom: 25px !important;}&#8221;]<b>Nombre de la fundaci\u00f3n:<\/b> Fundaci\u00f3n ICG<br \/>\n<b>NIF:<\/b> G25822255<br \/>\n<b>Datos de inscripci\u00f3n:<\/b> Inscrita con el n.\u00ba 3019 en el Registro de Fundaciones de la Generalitat de Catalu\u00f1a.<br \/>\n<b>Domicilio de la entidad:<\/b> Partida Pla de Mons\u00f3, n.\u00ba 54 (25193 \u2013 Lleida)<br \/>\n<b>Correo electr\u00f3nico:<\/b> apurroy@icgfundacion.com<br \/>\n<b>Tel\u00e9fono:<\/b> 973 230 963<\/p>\n<p>&nbsp;<\/p>\n<hr \/>\n<p>&nbsp;<\/p>\n<h3 style=\"letter-spacing: 0; font-size: 1em;\"><strong>T\u00e9rminos y condiciones<\/strong><\/h3>\n<p>&nbsp;<\/p>\n<p>Queda reservado cualquier derecho no concedido aqu\u00ed expresamente.<\/p>\n<p>&nbsp;<\/p>\n<p>Queda prohibida la reproducci\u00f3n, transmisi\u00f3n, distribuci\u00f3n o almacenamiento del contenido total o parcial en cualquier formato sin el permiso previo por escrito de Fundaci\u00f3n ICG, excepto con arreglo a los siguientes t\u00e9rminos.<\/p>\n<p>&nbsp;<\/p>\n<p>Fundaci\u00f3n ICG le autoriza a visitar las p\u00e1ginas web de Fundaci\u00f3n ICG en su ordenador o dispositivo m\u00f3vil o a imprimir copias de extractos de dichas p\u00e1ginas exclusivamente para su uso personal y no para su distribuci\u00f3n, a menos que cuente con el permiso por escrito de Fundaci\u00f3n ICG. Cada uno de los documentos incluidos en nuestras p\u00e1ginas web puede estar sujeto a unos t\u00e9rminos adicionales indicados en dicho documento.<\/p>\n<p>&nbsp;<\/p>\n<p>Se permite el uso de este sitio web y de su contenido para un uso privado y no comercial.<\/p>\n<p>&nbsp;<\/p>\n<p>Fundaci\u00f3n ICG es el propietario de todos los derechos del material t\u00e9cnico publicado en esta web (incluyendo, sin limitaci\u00f3n, documentos, videos\u2026). Queda prohibida la distribuci\u00f3n de los contenidos publicados en ella.<\/p>\n<p>&nbsp;<\/p>\n<p>Este material es de uso exclusivo para SATS Oficiales y Distribuidores autorizados. La detecci\u00f3n de un uso no autorizado por su parte de los contenidos publicados en nuestra web puede acarrear el inicio de acciones legales contra Ud.<\/p>\n<p>&nbsp;<\/p>\n<p>Si Ud. detecta cualquier tipo de uso indebido o no autorizado de los contenidos publicados en nuestro sitio web, por favor inf\u00f3rmenos v\u00eda correo electr\u00f3nico a: apurroy@icgfundacion.com<\/p>\n<p>&nbsp;<\/p>\n<p>Fundaci\u00f3n ICG no garantiza que sus p\u00e1ginas web no sufran ninguna interrupci\u00f3n o est\u00e9n libres de errores. Fundaci\u00f3n ICG se reserva el derecho a revisar las p\u00e1ginas o a retirar el acceso a \u00e9stas en cualquier momento.<\/p>\n<p>&nbsp;<\/p>\n<p>No se ofrece ninguna garant\u00eda, expresa o impl\u00edcita, relaci\u00f3n a la disponibilidad, exactitud, fiabilidad o contenido de estas p\u00e1ginas. Fundaci\u00f3n ICG no ser\u00e1 responsable de ning\u00fan da\u00f1o directo, indirecto, incidente, cuantificable o consecuente, lucro cesante o interrupci\u00f3n de negocios, que se deriven del uso o de la imposibilidad de usar la p\u00e1gina web, aunque se haya notificado a Fundaci\u00f3n ICG a posibilidad de dichos da\u00f1os.<\/p>\n<p>&nbsp;<\/p>\n<p>Para un acceso m\u00e1s sencillo del usuario, Fundaci\u00f3n ICG podr\u00e1 incluir enlaces hacia otros sitios de Internet propiedad de terceras partes o explotados por terceras partes. Al acceder a dichos sitios web aceptar\u00e1 que Fundaci\u00f3n ICG no tiene control alguno sobre el contenido de dicho sitio.<\/p>\n<p>&nbsp;<\/p>\n<p>En caso de que la actividad o informaci\u00f3n enlazada pueda ser il\u00edcita o pueda lesionar bienes o derechos de un tercero, nos pondr\u00e1 en conocimiento de dicha circunstancia para que Fundaci\u00f3n ICG pueda actuar con la debida diligencia para suprimir o inutilizar el enlace.<\/p>\n<p>&nbsp;<\/p>\n<p>Adem\u00e1s, los enlaces hacia sitios web no pertenecientes a Fundaci\u00f3n ICG no implican que Fundaci\u00f3n ICG respalde el sitio, los productos, servicios, actividades o manifestaciones referidas en dicha web.<\/p>\n<p>&nbsp;<\/p>\n<p>En el supuesto de enviarnos material a cualquiera de nuestros servidores por correo electr\u00f3nico o a trav\u00e9s de las p\u00e1ginas web de Fundaci\u00f3n ICG, deber\u00e1 cumplir las siguientes observaciones:<\/p>\n<p>&nbsp;<\/p>\n<p>\u2192 El material no contendr\u00e1 ning\u00fan elemento ilegal o inadecuado para su publicaci\u00f3n por otros motivos.<\/p>\n<p>&nbsp;<\/p>\n<p>\u2192 Ud. realizar\u00e1 los esfuerzos razonables para detectar y eliminar cualquier virus u otros elementos contaminantes o destructivos antes de enviar cualquier material.<\/p>\n<p>&nbsp;<\/p>\n<p>\u2192 S\u00f3lo enviar\u00e1 material que sea de su propiedad, o bien sobre el que ud. tenga el derecho a disponer del mismo. Con el env\u00edo, ud. consiente que Fundaci\u00f3n ICG podr\u00e1 publicar el material gratis y\/o incorporar el material o cualquier concepto descrito en \u00e9l a nuestros productos sin ninguna responsabilidad por parte de Fundaci\u00f3n ICG.<\/p>\n<p>&nbsp;<\/p>\n<p>\u2192 Ud. muestra su conformidad a no emprender ninguna acci\u00f3n legal contra Fundaci\u00f3n ICG en relaci\u00f3n al material que nos haya enviado y acepta indemnizarnos en caso de que terceras partes emprendan acciones legales contra nosotros con relaci\u00f3n al material que Ud. nos haya enviado, a consecuencia del incumplimiento de las previsiones anteriores.<\/p>\n<p>&nbsp;<\/p>\n<p>Fundaci\u00f3n ICG es una marca registrada de ICG SL. Los nombres de productos de Fundaci\u00f3n ICG son marcas de productos o marcas registradas de ICG, SL. Otros nombres de productos y empresas aqu\u00ed mencionados pueden ser marcas de productos o nombres comerciales de sus respectivos propietarios. Su acceso a este sitio Web no se interpretar\u00e1 como la concesi\u00f3n impl\u00edcita, por exclusi\u00f3n o de otro modo, de ning\u00fan permiso ni derecho a usar las marcas que aparecen en este sitio Web sin la autorizaci\u00f3n previa por escrito de Fundaci\u00f3n ICG o de la parte propietaria de dichas marcas.[\/vc_column_text][\/vc_column][\/vc_row]<\/p>\n","protected":false},"excerpt":{"rendered":"<p>[vc_row][vc_column][vc_column_text css=&#8221;.vc_custom_1731664008100{margin-bottom: 25px !important;}&#8221;]Nombre de la fundaci\u00f3n: Fundaci\u00f3n ICG NIF: G25822255 Datos de inscripci\u00f3n: Inscrita con el n.\u00ba 3019 en el Registro de Fundaciones de la Generalitat de Catalu\u00f1a. Domicilio de la entidad: Partida Pla de Mons\u00f3, n.\u00ba 54 (25193 \u2013 Lleida) Correo electr\u00f3nico: apurroy@icgfundacion.com&#8230;<\/p>\n","protected":false},"author":1,"featured_media":0,"parent":0,"menu_order":0,"comment_status":"closed","ping_status":"closed","template":"","meta":{"footnotes":""},"class_list":["post-1782","page","type-page","status-publish","hentry"],"_links":{"self":[{"href":"http:\/\/www.icgfundacion.com\/es\/wp-json\/wp\/v2\/pages\/1782","targetHints":{"allow":["GET"]}}],"collection":[{"href":"http:\/\/www.icgfundacion.com\/es\/wp-json\/wp\/v2\/pages"}],"about":[{"href":"http:\/\/www.icgfundacion.com\/es\/wp-json\/wp\/v2\/types\/page"}],"author":[{"embeddable":true,"href":"http:\/\/www.icgfundacion.com\/es\/wp-json\/wp\/v2\/users\/1"}],"replies":[{"embeddable":true,"href":"http:\/\/www.icgfundacion.com\/es\/wp-json\/wp\/v2\/comments?post=1782"}],"version-history":[{"count":4,"href":"http:\/\/www.icgfundacion.com\/es\/wp-json\/wp\/v2\/pages\/1782\/revisions"}],"predecessor-version":[{"id":1903,"href":"http:\/\/www.icgfundacion.com\/es\/wp-json\/wp\/v2\/pages\/1782\/revisions\/1903"}],"wp:attachment":[{"href":"http:\/\/www.icgfundacion.com\/es\/wp-json\/wp\/v2\/media?parent=1782"}],"curies":[{"name":"wp","href":"https:\/\/api.w.org\/{rel}","templated":true}]}}