{"id":1020,"date":"2019-05-02T14:56:10","date_gmt":"2019-05-02T14:56:10","guid":{"rendered":"http:\/\/www.icgfundacion.com\/?page_id=1020"},"modified":"2019-09-17T07:16:10","modified_gmt":"2019-09-17T07:16:10","slug":"comprometidos-con-el-futuro-de-lleida","status":"publish","type":"page","link":"http:\/\/www.icgfundacion.com\/es\/proyectos\/comprometidos-con-el-futuro-de-lleida\/","title":{"rendered":"Comprometidos con el futuro de Lleida"},"content":{"rendered":"<p>[vc_row][vc_column][vc_empty_space][vc_column_text]<\/p>\n<h1 class=\"titlePage\">COMPROMETIDOS CON EL FUTURO DE LLEIDA<\/h1>\n<p>[\/vc_column_text][vc_column_text]<\/p>\n<div class=\"contentCenter\">\n<div class=\"noneBackground\">\n<div class=\"customWidth\">\n<p class=\"textExplain\">La Fundaci\u00f3n ICG puso en marcha un ciclo de encuentros con personalidades procedentes del mundo pol\u00edtico, econ\u00f3mico, social, acad\u00e9mico y cultural para analizar, debatir y aportar planteamientos que favorezcan el impulso y el crecimiento de la ciudad de Lleida y su \u00e1rea de influencia. Una iniciativa que quiere desplegar una mirada socioecon\u00f3mica transformadora de la realidad de Lleida y disponer de unas aportaciones procedentes de personalidades reconocidas en el conjunto de nuestro territorio que favorezcan tanto la ciudad como el conjunto de las comarcas de Lleida. Con estos encuentros, la Fundaci\u00f3n ICG participa en el debate sobre temas de actualidad y de futuro de Lleida y hace aportaciones para conseguir un entorno m\u00e1s competitivo a nivel econ\u00f3mico, social y cultural.<\/p>\n<p class=\"textExplain\">Para llevar a cabo estas actuaciones la Fundaci\u00f3n ICG cre\u00f3 el grupo \u201cComprometidos con el Futuro de Lleida\u201d, a trav\u00e9s del cual colabora y fomenta estrategias que impulsen pol\u00edticas de internacionalizaci\u00f3n, favorezcan la promoci\u00f3n econ\u00f3mica y las inversiones con valor a\u00f1adido, pontencien la formaci\u00f3n y el capital humano, aporten ideas por el desarrollo de los planes estrat\u00e9gicos de infraestructuras de transporte y movilidad, fomenten la reindustrializaci\u00f3n y la diversificaci\u00f3n, refuercen los proyectos de innovaci\u00f3n, y orienten en el dise\u00f1o y el desarrollo urban\u00edstico y de sostenibilidad, para contribuir al liderazgo de Lleida como capital de interior.<\/p>\n<p class=\"textExplain\">Estas aportaciones y propuestas se hacen llegar a las principales instituciones y entidades sociales y empresariales del conjunto el territorio para que sean tenidas en cuenta tanto en las actuaciones de gobierno como en los programas y proyectos a presentar.<\/p>\n<\/div>\n<\/div>\n<\/div>\n<p>[\/vc_column_text][vc_single_image image=&#8221;1092&#8243; img_size=&#8221;960&#215;596&#8243; alignment=&#8221;center&#8221;][vc_empty_space height=&#8221;64px&#8221;][\/vc_column][\/vc_row]<\/p>\n","protected":false},"excerpt":{"rendered":"<p>[vc_row][vc_column][vc_empty_space][vc_column_text] COMPROMETIDOS CON EL FUTURO DE LLEIDA [\/vc_column_text][vc_column_text] La Fundaci\u00f3n ICG puso en marcha un ciclo de encuentros con personalidades procedentes del mundo pol\u00edtico, econ\u00f3mico, social, acad\u00e9mico y cultural para analizar, debatir y aportar planteamientos que favorezcan el impulso y el crecimiento de la ciudad&#8230;<\/p>\n","protected":false},"author":2,"featured_media":0,"parent":753,"menu_order":0,"comment_status":"closed","ping_status":"closed","template":"full-width-fundacion.php","meta":{"footnotes":""},"class_list":["post-1020","page","type-page","status-publish","hentry"],"_links":{"self":[{"href":"http:\/\/www.icgfundacion.com\/es\/wp-json\/wp\/v2\/pages\/1020","targetHints":{"allow":["GET"]}}],"collection":[{"href":"http:\/\/www.icgfundacion.com\/es\/wp-json\/wp\/v2\/pages"}],"about":[{"href":"http:\/\/www.icgfundacion.com\/es\/wp-json\/wp\/v2\/types\/page"}],"author":[{"embeddable":true,"href":"http:\/\/www.icgfundacion.com\/es\/wp-json\/wp\/v2\/users\/2"}],"replies":[{"embeddable":true,"href":"http:\/\/www.icgfundacion.com\/es\/wp-json\/wp\/v2\/comments?post=1020"}],"version-history":[{"count":6,"href":"http:\/\/www.icgfundacion.com\/es\/wp-json\/wp\/v2\/pages\/1020\/revisions"}],"predecessor-version":[{"id":1163,"href":"http:\/\/www.icgfundacion.com\/es\/wp-json\/wp\/v2\/pages\/1020\/revisions\/1163"}],"up":[{"embeddable":true,"href":"http:\/\/www.icgfundacion.com\/es\/wp-json\/wp\/v2\/pages\/753"}],"wp:attachment":[{"href":"http:\/\/www.icgfundacion.com\/es\/wp-json\/wp\/v2\/media?parent=1020"}],"curies":[{"name":"wp","href":"https:\/\/api.w.org\/{rel}","templated":true}]}}