{"id":576,"date":"2017-05-29T15:51:28","date_gmt":"2017-05-29T15:51:28","guid":{"rendered":"http:\/\/www.icgfundacion.com\/fundacio-icg\/"},"modified":"2019-09-17T09:29:31","modified_gmt":"2019-09-17T09:29:31","slug":"foundation-icg-2","status":"publish","type":"page","link":"http:\/\/www.icgfundacion.com\/en\/","title":{"rendered":"Foundation ICG"},"content":{"rendered":"<p>[vc_row][vc_column][vc_column_text]<\/p>\n<div class=\"contentCenter\">\n<div class=\"noneBackground\">\n<div class=\"customWidth\">\n<h1 class=\"titlePage\">ICG FOUNDATION<\/h1>\n<p class=\"textInfo\">The ICG Foundation is a non-profit organization that was created with a goal: directly implementing and managing social responsibility actions. These actions are linked to promoting training, cooperation and social integration and science and knowledge in favor of the general interest.<\/p>\n<p class=\"textInfo\">Our main objective is to contribute to the welfare of society, and to achieve a better social, educational and cultural development, especially in the areas where the ICG Group is present.<\/p>\n<\/div>\n<\/div>\n<div class=\"lightBackground\">\n<div class=\"customWidth\">\n<h2 class=\"subTitle\">For this reason, we carry out our actions in three main areas:<\/h2>\n<div>\n<div class=\"lineTree\"><img decoding=\"async\" src=\"\/wp-content\/uploads\/2017\/05\/linea_arbol_2.png\" \/><\/div>\n<div>\n<div class=\"threeColumnsEquals\">\n<p><a href=\"http:\/\/www.icgfundacion.com\/projectes\/icguniversity\/\" target=\"_blank\" rel=\"noopener\"><img loading=\"lazy\" decoding=\"async\" src=\"\/wp-content\/uploads\/2017\/05\/university.png\" alt=\"icg-fundacio-icgsocial-icguniversity-formaci\u00f3-fundacion-fundation\" width=\"128\" height=\"60\" \/><\/a><br \/>\nTraining<\/p>\n<p class=\"textExplainCenter\">Development and promotion of ICGUniversity Higher Education Program which ensures participation at the highest level to help train future professionals in hospitality and tourism sectors through technology transfer and knowledge.<\/p>\n<\/div>\n<div class=\"threeColumnsEquals\">\n<p><a href=\"http:\/\/www.icgfundacion.com\/projectes\/icg-fundacio-obra-social\/\" target=\"_blank\" rel=\"noopener\"><img loading=\"lazy\" decoding=\"async\" src=\"\/wp-content\/uploads\/2017\/05\/logo_accion_social.png\" alt=\"icg-fundacio-icgsocial\" width=\"128\" height=\"60\" \/><\/a><br \/>\nSocial action<\/p>\n<p class=\"textExplainCenter\">Social cooperation and integration acions in collaboration with institutionswho are working with young people to join the job market and avoid social exclusion and actions to preserve cultural heritage.<\/p>\n<\/div>\n<div class=\"threeColumnsEquals\">\n<p><a href=\"http:\/\/www.icgfundacion.com\/projectes\/ciencia-i-coneixement\/\" target=\"_blank\" rel=\"noopener\"><img loading=\"lazy\" decoding=\"async\" src=\"\/wp-content\/uploads\/2017\/05\/logo_icg_museo.png\" alt=\"icg-fundacio-icgsocial-museu\" width=\"128\" height=\"60\" \/><\/a><br \/>\nScience and Knowledge<\/p>\n<p class=\"textExplainCenter\">Creation and promotion of computer science and calculation museum as a great tool of science and knowledge at the service of the society.<\/p>\n<\/div>\n<\/div>\n<\/div>\n<\/div>\n<\/div>\n<div class=\"noneBackground\">\n<div class=\"customWidth \">\n<div class=\"\">\n<p class=\"textExplain\" style=\"text-align: center; padding-bottom: 20px;\">These actions are held in several parts of Spain, Andorra, Portugal, Panama, Ecuador, Venezuela, Peru, Uruguay, Cape Verde, Liberia, Angola and Mozambique.<\/p>\n<\/div>\n<div class=\"fullWidth\"><img loading=\"lazy\" decoding=\"async\" class=\"rImg\" src=\"\/wp-content\/uploads\/recursos\/home\/map.png\" alt=\"ICG-Fundaci\u00f3-Mon-Multinacional-Obra-Social-fundacion-fundacio\" width=\"980\" height=\"306\" \/><\/div>\n<\/div>\n<\/div>\n<div class=\"lightBackground\">\n<div class=\"customWidth\">\n<p class=\"textInfo\">Likewise, and with the aim of adding efforts, we promote the relationship with other foundations, universities, entities and institutions related to all the mentioned areas.<\/p>\n<p><video class=\"videoFullWidth\" poster=\"\/wp-content\/uploads\/recursos\/poster_spot_en.png\" controls=\"controls\" width=\"960\" height=\"530\"><source src=\"\/wp-content\/uploads\/recursos\/Video\/Spot_ICG_Foundation.mp4\" type=\"video\/mp4\" alt=\"icgfundaci\u00f3-presentaci\u00f3-explicaci\u00f3-del-nostre-objectiu\" \/><\/video><\/p>\n<p>&nbsp;<\/p>\n<\/div>\n<\/div>\n<div class=\"noneBackground\">\n<div class=\"customCounter\">\n<div class=\"customCounterSingleElement\">\n<p>+ <span class=\"customCounterN\" data-from=\"0\" data-to=\"50\" data-speed=\"60\">0<\/span><br \/>\n<span class=\"textCounterInfo\">Projects<\/span><\/p>\n<p><img loading=\"lazy\" decoding=\"async\" class=\"\" src=\"\/wp-content\/uploads\/recursos\/home\/home_1.png\" alt=\"icg-beneficiaris-obra-social-ajuda-projectes-entitats-acords-fundacion-fundacio\" width=\"980\" height=\"306\" \/><\/p>\n<\/div>\n<div class=\"customCounterSingleElement\">\n<p>+ <span class=\"customCounterN\" data-from=\"0\" data-to=\"30\" data-speed=\"100\">0<\/span><br \/>\n<span class=\"textCounterInfo\">Agreements with organizations<\/span><\/p>\n<p><img loading=\"lazy\" decoding=\"async\" class=\"\" src=\"\/wp-content\/uploads\/recursos\/home\/home_2.png\" alt=\"icg-beneficiaris-obra-social-ajuda-fundacion-fundacio\" width=\"980\" height=\"306\" \/><\/p>\n<\/div>\n<div class=\"customCounterSingleElement\">\n<div class=\"singleElementCounter\">\n<p class=\"customCounterN\" data-from=\"-1\" data-to=\"4\" data-speed=\"200\">0<\/p>\n<p>,<\/p>\n<p class=\"customCounterN\" data-from=\"-1\" data-to=\"5\" data-speed=\"200\">0<\/p>\n<p>M \u20ac<\/p>\n<\/div>\n<div class=\"singleElementText\"><span class=\"textCounterInfo\">Social investment<\/span><\/div>\n<div class=\"singleElementPhoto\"><img loading=\"lazy\" decoding=\"async\" class=\"\" src=\"\/wp-content\/uploads\/recursos\/home\/home_3.png\" alt=\"icg-beneficiaris-obra-social-ajuda-inversio-fundacion-fundacio\" width=\"980\" height=\"306\" \/><\/div>\n<\/div>\n<div class=\"customCounterSingleElement\">\n<p class=\"customCounterN\" data-from=\"0\" data-to=\"20000\" data-speed=\"1\">0<\/p>\n<p><span class=\"textCounterInfo\">Direct beneficiaries<\/span><br \/>\n<img loading=\"lazy\" decoding=\"async\" class=\"\" src=\"\/wp-content\/uploads\/recursos\/home\/home_4.png\" alt=\"icg-beneficiaris-obra-social-ajuda-fundacion-fundacio\" width=\"980\" height=\"306\" \/><\/p>\n<\/div>\n<\/div>\n<\/div>\n<\/div>\n<p>[\/vc_column_text][\/vc_column][\/vc_row]<\/p>\n","protected":false},"excerpt":{"rendered":"<p>[vc_row][vc_column][vc_column_text] ICG FOUNDATION The ICG Foundation is a non-profit organization that was created with a goal: directly implementing and managing social responsibility actions. These actions are linked to promoting training, cooperation and social integration and science and knowledge in favor of the general interest. Our&#8230;<\/p>\n","protected":false},"author":1,"featured_media":0,"parent":0,"menu_order":0,"comment_status":"closed","ping_status":"closed","template":"full-width-fundacion-home.php","meta":{"footnotes":""},"class_list":["post-576","page","type-page","status-publish","hentry"],"_links":{"self":[{"href":"http:\/\/www.icgfundacion.com\/en\/wp-json\/wp\/v2\/pages\/576","targetHints":{"allow":["GET"]}}],"collection":[{"href":"http:\/\/www.icgfundacion.com\/en\/wp-json\/wp\/v2\/pages"}],"about":[{"href":"http:\/\/www.icgfundacion.com\/en\/wp-json\/wp\/v2\/types\/page"}],"author":[{"embeddable":true,"href":"http:\/\/www.icgfundacion.com\/en\/wp-json\/wp\/v2\/users\/1"}],"replies":[{"embeddable":true,"href":"http:\/\/www.icgfundacion.com\/en\/wp-json\/wp\/v2\/comments?post=576"}],"version-history":[{"count":16,"href":"http:\/\/www.icgfundacion.com\/en\/wp-json\/wp\/v2\/pages\/576\/revisions"}],"predecessor-version":[{"id":1168,"href":"http:\/\/www.icgfundacion.com\/en\/wp-json\/wp\/v2\/pages\/576\/revisions\/1168"}],"wp:attachment":[{"href":"http:\/\/www.icgfundacion.com\/en\/wp-json\/wp\/v2\/media?parent=576"}],"curies":[{"name":"wp","href":"https:\/\/api.w.org\/{rel}","templated":true}]}}